{"id":45,"date":"2014-01-28T20:48:06","date_gmt":"2014-01-28T18:48:06","guid":{"rendered":"http:\/\/tatu.chanth.org\/?page_id=45"},"modified":"2014-08-13T18:09:33","modified_gmt":"2014-08-13T16:09:33","slug":"mielipidevapauslauseke","status":"publish","type":"page","link":"https:\/\/tatu.chanth.org\/?page_id=45","title":{"rendered":"mielipidevapauslauseke"},"content":{"rendered":"<p>Miss\u00e4 tahansa n\u00e4ill\u00e4 sivuilla esitetyt mielipiteet ovat minun omiani, eiv\u00e4tk\u00e4 edusta mink\u00e4\u00e4n poliittisen puolueen, yrityksen, yhteis\u00f6n, organisaation tai j\u00e4rjest\u00f6n kantaa ellei niin erikseen mainita. Tuskin mainitaan.<\/p>\n<p>Mik\u00e4li jokin edell\u00e4 mainituista tahoista n\u00e4in kuitenkin kokee ja haluaa k\u00e4ytt\u00e4\u00e4 mieliteit\u00e4ni heid\u00e4n asiansa edist\u00e4miseen, siihen on pyydett\u00e4v\u00e4 lupa. Kerron mielipiteeni mielell\u00e4ni, mutta olen tarkka siit\u00e4, kenen takana seison.<\/p>\n<p>Tekstej\u00e4ni ei saa ilman lupaa kopioda ilman l\u00e4hteen mainitsemista ja linkitt\u00e4mist\u00e4 alkuper\u00e4iseen tekstiin.<\/p>\n","protected":false},"excerpt":{"rendered":"<p>Miss\u00e4 tahansa n\u00e4ill\u00e4 sivuilla esitetyt mielipiteet ovat minun omiani, eiv\u00e4tk\u00e4 edusta mink\u00e4\u00e4n poliittisen puolueen, yrityksen,&#8230;<\/p>\n","protected":false},"author":1,"featured_media":0,"parent":0,"menu_order":0,"comment_status":"closed","ping_status":"closed","template":"","meta":{"footnotes":""},"class_list":["post-45","page","type-page","status-publish","hentry"],"yoast_head":"<!-- This site is optimized with the Yoast SEO plugin v27.6 - https:\/\/yoast.com\/product\/yoast-seo-wordpress\/ -->\n<title>mielipidevapauslauseke - Tatu Chanth<\/title>\n<meta name=\"robots\" content=\"index, follow, max-snippet:-1, max-image-preview:large, max-video-preview:-1\" \/>\n<link rel=\"canonical\" href=\"https:\/\/tatu.chanth.org\/?page_id=45\" \/>\n<meta property=\"og:locale\" content=\"fi_FI\" \/>\n<meta property=\"og:type\" content=\"article\" \/>\n<meta property=\"og:title\" content=\"mielipidevapauslauseke - Tatu Chanth\" \/>\n<meta property=\"og:description\" content=\"Miss\u00e4 tahansa n\u00e4ill\u00e4 sivuilla esitetyt mielipiteet ovat minun omiani, eiv\u00e4tk\u00e4 edusta mink\u00e4\u00e4n poliittisen puolueen, yrityksen,&#8230;\" \/>\n<meta property=\"og:url\" content=\"https:\/\/tatu.chanth.org\/?page_id=45\" \/>\n<meta property=\"og:site_name\" content=\"Tatu Chanth\" \/>\n<meta property=\"article:modified_time\" content=\"2014-08-13T16:09:33+00:00\" \/>\n<meta name=\"twitter:card\" content=\"summary_large_image\" \/>\n<script type=\"application\/ld+json\" class=\"yoast-schema-graph\">{\"@context\":\"https:\\\/\\\/schema.org\",\"@graph\":[{\"@type\":\"WebPage\",\"@id\":\"https:\\\/\\\/tatu.chanth.org\\\/?page_id=45\",\"url\":\"https:\\\/\\\/tatu.chanth.org\\\/?page_id=45\",\"name\":\"mielipidevapauslauseke - Tatu Chanth\",\"isPartOf\":{\"@id\":\"https:\\\/\\\/tatu.chanth.org\\\/#website\"},\"datePublished\":\"2014-01-28T18:48:06+00:00\",\"dateModified\":\"2014-08-13T16:09:33+00:00\",\"breadcrumb\":{\"@id\":\"https:\\\/\\\/tatu.chanth.org\\\/?page_id=45#breadcrumb\"},\"inLanguage\":\"fi\",\"potentialAction\":[{\"@type\":\"ReadAction\",\"target\":[\"https:\\\/\\\/tatu.chanth.org\\\/?page_id=45\"]}]},{\"@type\":\"BreadcrumbList\",\"@id\":\"https:\\\/\\\/tatu.chanth.org\\\/?page_id=45#breadcrumb\",\"itemListElement\":[{\"@type\":\"ListItem\",\"position\":1,\"name\":\"Etusivu\",\"item\":\"https:\\\/\\\/tatu.chanth.org\\\/\"},{\"@type\":\"ListItem\",\"position\":2,\"name\":\"mielipidevapauslauseke\"}]},{\"@type\":\"WebSite\",\"@id\":\"https:\\\/\\\/tatu.chanth.org\\\/#website\",\"url\":\"https:\\\/\\\/tatu.chanth.org\\\/\",\"name\":\"Tatu Chanth\",\"description\":\"\",\"potentialAction\":[{\"@type\":\"SearchAction\",\"target\":{\"@type\":\"EntryPoint\",\"urlTemplate\":\"https:\\\/\\\/tatu.chanth.org\\\/?s={search_term_string}\"},\"query-input\":{\"@type\":\"PropertyValueSpecification\",\"valueRequired\":true,\"valueName\":\"search_term_string\"}}],\"inLanguage\":\"fi\"}]}<\/script>\n<!-- \/ Yoast SEO plugin. -->","yoast_head_json":{"title":"mielipidevapauslauseke - Tatu Chanth","robots":{"index":"index","follow":"follow","max-snippet":"max-snippet:-1","max-image-preview":"max-image-preview:large","max-video-preview":"max-video-preview:-1"},"canonical":"https:\/\/tatu.chanth.org\/?page_id=45","og_locale":"fi_FI","og_type":"article","og_title":"mielipidevapauslauseke - Tatu Chanth","og_description":"Miss\u00e4 tahansa n\u00e4ill\u00e4 sivuilla esitetyt mielipiteet ovat minun omiani, eiv\u00e4tk\u00e4 edusta mink\u00e4\u00e4n poliittisen puolueen, yrityksen,&#8230;","og_url":"https:\/\/tatu.chanth.org\/?page_id=45","og_site_name":"Tatu Chanth","article_modified_time":"2014-08-13T16:09:33+00:00","twitter_card":"summary_large_image","schema":{"@context":"https:\/\/schema.org","@graph":[{"@type":"WebPage","@id":"https:\/\/tatu.chanth.org\/?page_id=45","url":"https:\/\/tatu.chanth.org\/?page_id=45","name":"mielipidevapauslauseke - Tatu Chanth","isPartOf":{"@id":"https:\/\/tatu.chanth.org\/#website"},"datePublished":"2014-01-28T18:48:06+00:00","dateModified":"2014-08-13T16:09:33+00:00","breadcrumb":{"@id":"https:\/\/tatu.chanth.org\/?page_id=45#breadcrumb"},"inLanguage":"fi","potentialAction":[{"@type":"ReadAction","target":["https:\/\/tatu.chanth.org\/?page_id=45"]}]},{"@type":"BreadcrumbList","@id":"https:\/\/tatu.chanth.org\/?page_id=45#breadcrumb","itemListElement":[{"@type":"ListItem","position":1,"name":"Etusivu","item":"https:\/\/tatu.chanth.org\/"},{"@type":"ListItem","position":2,"name":"mielipidevapauslauseke"}]},{"@type":"WebSite","@id":"https:\/\/tatu.chanth.org\/#website","url":"https:\/\/tatu.chanth.org\/","name":"Tatu Chanth","description":"","potentialAction":[{"@type":"SearchAction","target":{"@type":"EntryPoint","urlTemplate":"https:\/\/tatu.chanth.org\/?s={search_term_string}"},"query-input":{"@type":"PropertyValueSpecification","valueRequired":true,"valueName":"search_term_string"}}],"inLanguage":"fi"}]}},"jetpack_sharing_enabled":true,"_links":{"self":[{"href":"https:\/\/tatu.chanth.org\/index.php?rest_route=\/wp\/v2\/pages\/45","targetHints":{"allow":["GET"]}}],"collection":[{"href":"https:\/\/tatu.chanth.org\/index.php?rest_route=\/wp\/v2\/pages"}],"about":[{"href":"https:\/\/tatu.chanth.org\/index.php?rest_route=\/wp\/v2\/types\/page"}],"author":[{"embeddable":true,"href":"https:\/\/tatu.chanth.org\/index.php?rest_route=\/wp\/v2\/users\/1"}],"replies":[{"embeddable":true,"href":"https:\/\/tatu.chanth.org\/index.php?rest_route=%2Fwp%2Fv2%2Fcomments&post=45"}],"version-history":[{"count":1,"href":"https:\/\/tatu.chanth.org\/index.php?rest_route=\/wp\/v2\/pages\/45\/revisions"}],"predecessor-version":[{"id":46,"href":"https:\/\/tatu.chanth.org\/index.php?rest_route=\/wp\/v2\/pages\/45\/revisions\/46"}],"wp:attachment":[{"href":"https:\/\/tatu.chanth.org\/index.php?rest_route=%2Fwp%2Fv2%2Fmedia&parent=45"}],"curies":[{"name":"wp","href":"https:\/\/api.w.org\/{rel}","templated":true}]}}