{"id":27,"date":"2014-01-23T21:32:46","date_gmt":"2014-01-23T19:32:46","guid":{"rendered":"http:\/\/tatu.chanth.org\/?page_id=27"},"modified":"2021-01-16T21:26:01","modified_gmt":"2021-01-16T19:26:01","slug":"kuka","status":"publish","type":"page","link":"https:\/\/tatu.chanth.org\/?page_id=27","title":{"rendered":"Kuka?"},"content":{"rendered":"<p><strong>Kuka?<\/strong><\/p>\n<p><a href=\"http:\/\/tatu.chanth.org\/wp-content\/uploads\/Chanth-Tatu_15-01-21_050_web.jpg\"><img loading=\"lazy\" decoding=\"async\" class=\"size-medium wp-image-266 alignright\" src=\"http:\/\/tatu.chanth.org\/wp-content\/uploads\/Chanth-Tatu_15-01-21_050_web-233x300.jpg\" alt=\"\" width=\"233\" height=\"300\" srcset=\"https:\/\/tatu.chanth.org\/wp-content\/uploads\/Chanth-Tatu_15-01-21_050_web-233x300.jpg 233w, https:\/\/tatu.chanth.org\/wp-content\/uploads\/Chanth-Tatu_15-01-21_050_web.jpg 775w\" sizes=\"auto, (max-width: 233px) 100vw, 233px\" \/><\/a>Porvoolainen it-alalla ty\u00f6skentev\u00e4, l\u00e4hes kaikesta kiinnostunut politiikan harrastaja. Olen syntynyt maaliskuussa 1978, k\u00e4ynyt kouluja siell\u00e4 t\u00e4\u00e4ll\u00e4, sek\u00e4 opettanutkin v\u00e4h\u00e4n aikaa aikuisoppilaitoksessa.<\/p>\n<p>Ekoihminen suurimmaksi osaksi, joitain ekologisia paheita on. Kuten matkustelu. Kierr\u00e4t\u00e4n kaiken mahdollisen, onneksi omaan pihaan sai muovinker\u00e4yspisteenkin. T\u00e4ydellisyytt\u00e4 en tavoittele, mutta aina pyrin parempaan.<\/p>\n<p>Olen el\u00e4inten yst\u00e4v\u00e4, en k\u00e4yt\u00e4 el\u00e4inper\u00e4isi\u00e4 tuotteita vaatetuksessa, sisustuksessa tai ravinnossa. Yst\u00e4vi\u00e4 ei pid\u00e4 sy\u00f6d\u00e4, eik\u00e4 niiden nahkoihin pukeutua. Luokittelen itseni vegaaniksi. Siit\u00e4 my\u00f6s keskustelen mielell\u00e4ni.<\/p>\n<p><strong>Mist\u00e4?<\/strong><\/p>\n<p>Olen kotoisin kauniista Keski-Suomen kaupungista nimelt\u00e4 <a href=\"http:\/\/www.keuruu.fi\/\" target=\"_blank\" rel=\"noopener\">Keuruu<\/a>. Kaupunki on pieni ja viihtyis\u00e4, ainakin kes\u00e4ll\u00e4. Suosittelen.<br \/>\nSielt\u00e4 valuin pikkuhiljaa M\u00e4nt\u00e4n (nykyisin M\u00e4ntt\u00e4-Vilppula) kautta Tampereelle, miss\u00e4 vier\u00e4hti melkein 10 vuotta. Sielt\u00e4 matka jatkui H\u00e4meenlinnaan muutamaksi vuodeksi, josta alle vuoden Helsingin visiitin j\u00e4lkeen p\u00e4\u00e4sin Porvooseen. T\u00e4nne my\u00f6s ajattelin j\u00e4\u00e4d\u00e4.<\/p>\n<p>Meill\u00e4 on t\u00e4\u00e4ll\u00e4 sopivan kokoinen talo, mihin mahtuu hyvin useampikin ihminen. T\u00e4ll\u00e4 hetkell\u00e4 t\u00e4\u00e4ll\u00e4 on kaksi ihmist\u00e4 ja kaksi kissaa. Tonttia meill\u00e4 on noin 1800 neli\u00f6t\u00e4, mist\u00e4 pieni osa on peltona jota terapiaviljell\u00e4\u00e4n v\u00e4h\u00e4n miten sattuu huvittamaan.<\/p>\n<p><strong>Mit\u00e4?<\/strong><\/p>\n<p>P\u00e4\u00e4asiallisesti pohdiskelen maailmantilaa, niin isolla mittakaavalla kuin v\u00e4h\u00e4n pienemm\u00e4ll\u00e4kin spektrill\u00e4. L\u00e4hell\u00e4 olevista asioista mietin melkoisen paljon liikennett\u00e4, sen ymp\u00e4rist\u00f6vaikutuksia sek\u00e4 turvallisuutta. Niist\u00e4 tykk\u00e4\u00e4n my\u00f6s kirjoittaa.<\/p>\n<p>Katselen maailmaa ja omaa tekemist\u00e4 kriittisesti. El\u00e4inoikeusasiat ovat l\u00e4hell\u00e4 syd\u00e4nt\u00e4 (kyll\u00e4, ihminen on my\u00f6s el\u00e4in) samoin luonnon hyvinvointi. Se menee kaiken edelle. Ilman luontoa me emme voi el\u00e4\u00e4 t\u00e4\u00e4ll\u00e4. Ja kun puhdas luonto loppuu, se loppuu. Sit\u00e4 ei saa markkinoilta lis\u00e4\u00e4, ei vaikka olisi kuinka paljon rahaa. En silti karsasta sit\u00e4, ett\u00e4 joku ty\u00f6ll\u00e4\u00e4n menestyy. Ei se minulta ole pois.<\/p>\n","protected":false},"excerpt":{"rendered":"<p>Kuka? Porvoolainen it-alalla ty\u00f6skentev\u00e4, l\u00e4hes kaikesta kiinnostunut politiikan harrastaja. Olen syntynyt maaliskuussa 1978, k\u00e4ynyt kouluja&#8230;<\/p>\n","protected":false},"author":1,"featured_media":0,"parent":0,"menu_order":0,"comment_status":"closed","ping_status":"closed","template":"","meta":{"footnotes":""},"class_list":["post-27","page","type-page","status-publish","hentry"],"yoast_head":"<!-- This site is optimized with the Yoast SEO plugin v27.6 - https:\/\/yoast.com\/product\/yoast-seo-wordpress\/ -->\n<title>Kuka? - Tatu Chanth<\/title>\n<meta name=\"robots\" content=\"index, follow, max-snippet:-1, max-image-preview:large, max-video-preview:-1\" \/>\n<link rel=\"canonical\" href=\"https:\/\/tatu.chanth.org\/?page_id=27\" \/>\n<meta property=\"og:locale\" content=\"fi_FI\" \/>\n<meta property=\"og:type\" content=\"article\" \/>\n<meta property=\"og:title\" content=\"Kuka? - Tatu Chanth\" \/>\n<meta property=\"og:description\" content=\"Kuka? Porvoolainen it-alalla ty\u00f6skentev\u00e4, l\u00e4hes kaikesta kiinnostunut politiikan harrastaja. Olen syntynyt maaliskuussa 1978, k\u00e4ynyt kouluja&#8230;\" \/>\n<meta property=\"og:url\" content=\"https:\/\/tatu.chanth.org\/?page_id=27\" \/>\n<meta property=\"og:site_name\" content=\"Tatu Chanth\" \/>\n<meta property=\"article:modified_time\" content=\"2021-01-16T19:26:01+00:00\" \/>\n<meta property=\"og:image\" content=\"http:\/\/tatu.chanth.org\/wp-content\/uploads\/Chanth-Tatu_15-01-21_050_web-233x300.jpg\" \/>\n<meta name=\"twitter:card\" content=\"summary_large_image\" \/>\n<meta name=\"twitter:label1\" content=\"Arvioitu lukuaika\" \/>\n\t<meta name=\"twitter:data1\" content=\"1 minuutti\" \/>\n<script type=\"application\/ld+json\" class=\"yoast-schema-graph\">{\"@context\":\"https:\\\/\\\/schema.org\",\"@graph\":[{\"@type\":\"WebPage\",\"@id\":\"https:\\\/\\\/tatu.chanth.org\\\/?page_id=27\",\"url\":\"https:\\\/\\\/tatu.chanth.org\\\/?page_id=27\",\"name\":\"Kuka? - Tatu Chanth\",\"isPartOf\":{\"@id\":\"https:\\\/\\\/tatu.chanth.org\\\/#website\"},\"primaryImageOfPage\":{\"@id\":\"https:\\\/\\\/tatu.chanth.org\\\/?page_id=27#primaryimage\"},\"image\":{\"@id\":\"https:\\\/\\\/tatu.chanth.org\\\/?page_id=27#primaryimage\"},\"thumbnailUrl\":\"http:\\\/\\\/tatu.chanth.org\\\/wp-content\\\/uploads\\\/Chanth-Tatu_15-01-21_050_web-233x300.jpg\",\"datePublished\":\"2014-01-23T19:32:46+00:00\",\"dateModified\":\"2021-01-16T19:26:01+00:00\",\"breadcrumb\":{\"@id\":\"https:\\\/\\\/tatu.chanth.org\\\/?page_id=27#breadcrumb\"},\"inLanguage\":\"fi\",\"potentialAction\":[{\"@type\":\"ReadAction\",\"target\":[\"https:\\\/\\\/tatu.chanth.org\\\/?page_id=27\"]}]},{\"@type\":\"ImageObject\",\"inLanguage\":\"fi\",\"@id\":\"https:\\\/\\\/tatu.chanth.org\\\/?page_id=27#primaryimage\",\"url\":\"https:\\\/\\\/tatu.chanth.org\\\/wp-content\\\/uploads\\\/Chanth-Tatu_15-01-21_050_web.jpg\",\"contentUrl\":\"https:\\\/\\\/tatu.chanth.org\\\/wp-content\\\/uploads\\\/Chanth-Tatu_15-01-21_050_web.jpg\",\"width\":775,\"height\":1000},{\"@type\":\"BreadcrumbList\",\"@id\":\"https:\\\/\\\/tatu.chanth.org\\\/?page_id=27#breadcrumb\",\"itemListElement\":[{\"@type\":\"ListItem\",\"position\":1,\"name\":\"Etusivu\",\"item\":\"https:\\\/\\\/tatu.chanth.org\\\/\"},{\"@type\":\"ListItem\",\"position\":2,\"name\":\"Kuka?\"}]},{\"@type\":\"WebSite\",\"@id\":\"https:\\\/\\\/tatu.chanth.org\\\/#website\",\"url\":\"https:\\\/\\\/tatu.chanth.org\\\/\",\"name\":\"Tatu Chanth\",\"description\":\"\",\"potentialAction\":[{\"@type\":\"SearchAction\",\"target\":{\"@type\":\"EntryPoint\",\"urlTemplate\":\"https:\\\/\\\/tatu.chanth.org\\\/?s={search_term_string}\"},\"query-input\":{\"@type\":\"PropertyValueSpecification\",\"valueRequired\":true,\"valueName\":\"search_term_string\"}}],\"inLanguage\":\"fi\"}]}<\/script>\n<!-- \/ Yoast SEO plugin. -->","yoast_head_json":{"title":"Kuka? - Tatu Chanth","robots":{"index":"index","follow":"follow","max-snippet":"max-snippet:-1","max-image-preview":"max-image-preview:large","max-video-preview":"max-video-preview:-1"},"canonical":"https:\/\/tatu.chanth.org\/?page_id=27","og_locale":"fi_FI","og_type":"article","og_title":"Kuka? - Tatu Chanth","og_description":"Kuka? Porvoolainen it-alalla ty\u00f6skentev\u00e4, l\u00e4hes kaikesta kiinnostunut politiikan harrastaja. Olen syntynyt maaliskuussa 1978, k\u00e4ynyt kouluja&#8230;","og_url":"https:\/\/tatu.chanth.org\/?page_id=27","og_site_name":"Tatu Chanth","article_modified_time":"2021-01-16T19:26:01+00:00","og_image":[{"url":"http:\/\/tatu.chanth.org\/wp-content\/uploads\/Chanth-Tatu_15-01-21_050_web-233x300.jpg","type":"","width":"","height":""}],"twitter_card":"summary_large_image","twitter_misc":{"Arvioitu lukuaika":"1 minuutti"},"schema":{"@context":"https:\/\/schema.org","@graph":[{"@type":"WebPage","@id":"https:\/\/tatu.chanth.org\/?page_id=27","url":"https:\/\/tatu.chanth.org\/?page_id=27","name":"Kuka? - Tatu Chanth","isPartOf":{"@id":"https:\/\/tatu.chanth.org\/#website"},"primaryImageOfPage":{"@id":"https:\/\/tatu.chanth.org\/?page_id=27#primaryimage"},"image":{"@id":"https:\/\/tatu.chanth.org\/?page_id=27#primaryimage"},"thumbnailUrl":"http:\/\/tatu.chanth.org\/wp-content\/uploads\/Chanth-Tatu_15-01-21_050_web-233x300.jpg","datePublished":"2014-01-23T19:32:46+00:00","dateModified":"2021-01-16T19:26:01+00:00","breadcrumb":{"@id":"https:\/\/tatu.chanth.org\/?page_id=27#breadcrumb"},"inLanguage":"fi","potentialAction":[{"@type":"ReadAction","target":["https:\/\/tatu.chanth.org\/?page_id=27"]}]},{"@type":"ImageObject","inLanguage":"fi","@id":"https:\/\/tatu.chanth.org\/?page_id=27#primaryimage","url":"https:\/\/tatu.chanth.org\/wp-content\/uploads\/Chanth-Tatu_15-01-21_050_web.jpg","contentUrl":"https:\/\/tatu.chanth.org\/wp-content\/uploads\/Chanth-Tatu_15-01-21_050_web.jpg","width":775,"height":1000},{"@type":"BreadcrumbList","@id":"https:\/\/tatu.chanth.org\/?page_id=27#breadcrumb","itemListElement":[{"@type":"ListItem","position":1,"name":"Etusivu","item":"https:\/\/tatu.chanth.org\/"},{"@type":"ListItem","position":2,"name":"Kuka?"}]},{"@type":"WebSite","@id":"https:\/\/tatu.chanth.org\/#website","url":"https:\/\/tatu.chanth.org\/","name":"Tatu Chanth","description":"","potentialAction":[{"@type":"SearchAction","target":{"@type":"EntryPoint","urlTemplate":"https:\/\/tatu.chanth.org\/?s={search_term_string}"},"query-input":{"@type":"PropertyValueSpecification","valueRequired":true,"valueName":"search_term_string"}}],"inLanguage":"fi"}]}},"jetpack_sharing_enabled":true,"_links":{"self":[{"href":"https:\/\/tatu.chanth.org\/index.php?rest_route=\/wp\/v2\/pages\/27","targetHints":{"allow":["GET"]}}],"collection":[{"href":"https:\/\/tatu.chanth.org\/index.php?rest_route=\/wp\/v2\/pages"}],"about":[{"href":"https:\/\/tatu.chanth.org\/index.php?rest_route=\/wp\/v2\/types\/page"}],"author":[{"embeddable":true,"href":"https:\/\/tatu.chanth.org\/index.php?rest_route=\/wp\/v2\/users\/1"}],"replies":[{"embeddable":true,"href":"https:\/\/tatu.chanth.org\/index.php?rest_route=%2Fwp%2Fv2%2Fcomments&post=27"}],"version-history":[{"count":17,"href":"https:\/\/tatu.chanth.org\/index.php?rest_route=\/wp\/v2\/pages\/27\/revisions"}],"predecessor-version":[{"id":842,"href":"https:\/\/tatu.chanth.org\/index.php?rest_route=\/wp\/v2\/pages\/27\/revisions\/842"}],"wp:attachment":[{"href":"https:\/\/tatu.chanth.org\/index.php?rest_route=%2Fwp%2Fv2%2Fmedia&parent=27"}],"curies":[{"name":"wp","href":"https:\/\/api.w.org\/{rel}","templated":true}]}}