{"id":138,"date":"2014-12-16T18:50:23","date_gmt":"2014-12-16T16:50:23","guid":{"rendered":"http:\/\/tatu.chanth.org\/?page_id=138"},"modified":"2019-05-12T10:22:33","modified_gmt":"2019-05-12T08:22:33","slug":"yhteystiedot","status":"publish","type":"page","link":"https:\/\/tatu.chanth.org\/?page_id=138","title":{"rendered":"Yhteystiedot"},"content":{"rendered":"<p>Minut l\u00f6yt\u00e4\u00e4 n\u00e4iden sivujen lis\u00e4ksi:<br \/>\nTwitterist\u00e4 nimell\u00e4:\u00a0<a class=\"ProfileHeaderCard-screennameLink u-linkComplex js-nav\" href=\"https:\/\/twitter.com\/ChanthTatu\">@<\/a><span class=\"u-linkComplex-target\"><a class=\"ProfileHeaderCard-screennameLink u-linkComplex js-nav\" href=\"https:\/\/twitter.com\/ChanthTatu\" target=\"_blank\" rel=\"noopener noreferrer\">ChanthTatu<br \/>\n<\/a>instagrammista:\u00a0<a href=\"http:\/\/instagram.com\/tatuchanth\/\" target=\"_blank\" rel=\"noopener noreferrer\">tatuchanth<br \/>\n<\/a><\/span>Facebook:\u00a0<a href=\"https:\/\/www.facebook.com\/chanthtatu\" target=\"_blank\" rel=\"noopener noreferrer\">https:\/\/www.facebook.com\/chanthtatu<\/a><\/p>\n<p>S\u00e4hk\u00f6postiosoite:<br \/>\netunimi.sukunimi [a] gmail.com<\/p>\n<p>ty\u00f6asiat:<br \/>\ntatu [a] serveit.fi<br \/>\ngsm: 040 930 7261<\/p>\n","protected":false},"excerpt":{"rendered":"<p>Minut l\u00f6yt\u00e4\u00e4 n\u00e4iden sivujen lis\u00e4ksi: Twitterist\u00e4 nimell\u00e4:\u00a0@ChanthTatu instagrammista:\u00a0tatuchanth Facebook:\u00a0https:\/\/www.facebook.com\/chanthtatu S\u00e4hk\u00f6postiosoite: etunimi.sukunimi [a] gmail.com ty\u00f6asiat: tatu&#8230;<\/p>\n","protected":false},"author":1,"featured_media":0,"parent":0,"menu_order":0,"comment_status":"open","ping_status":"open","template":"","meta":{"footnotes":""},"class_list":["post-138","page","type-page","status-publish","hentry"],"yoast_head":"<!-- This site is optimized with the Yoast SEO plugin v27.6 - https:\/\/yoast.com\/product\/yoast-seo-wordpress\/ -->\n<title>Yhteystiedot - Tatu Chanth<\/title>\n<meta name=\"robots\" content=\"index, follow, max-snippet:-1, max-image-preview:large, max-video-preview:-1\" \/>\n<link rel=\"canonical\" href=\"https:\/\/tatu.chanth.org\/?page_id=138\" \/>\n<meta property=\"og:locale\" content=\"fi_FI\" \/>\n<meta property=\"og:type\" content=\"article\" \/>\n<meta property=\"og:title\" content=\"Yhteystiedot - Tatu Chanth\" \/>\n<meta property=\"og:description\" content=\"Minut l\u00f6yt\u00e4\u00e4 n\u00e4iden sivujen lis\u00e4ksi: Twitterist\u00e4 nimell\u00e4:\u00a0@ChanthTatu instagrammista:\u00a0tatuchanth Facebook:\u00a0https:\/\/www.facebook.com\/chanthtatu S\u00e4hk\u00f6postiosoite: etunimi.sukunimi [a] gmail.com ty\u00f6asiat: tatu&#8230;\" \/>\n<meta property=\"og:url\" content=\"https:\/\/tatu.chanth.org\/?page_id=138\" \/>\n<meta property=\"og:site_name\" content=\"Tatu Chanth\" \/>\n<meta property=\"article:modified_time\" content=\"2019-05-12T08:22:33+00:00\" \/>\n<meta name=\"twitter:card\" content=\"summary_large_image\" \/>\n<script type=\"application\/ld+json\" class=\"yoast-schema-graph\">{\"@context\":\"https:\\\/\\\/schema.org\",\"@graph\":[{\"@type\":\"WebPage\",\"@id\":\"https:\\\/\\\/tatu.chanth.org\\\/?page_id=138\",\"url\":\"https:\\\/\\\/tatu.chanth.org\\\/?page_id=138\",\"name\":\"Yhteystiedot - Tatu Chanth\",\"isPartOf\":{\"@id\":\"https:\\\/\\\/tatu.chanth.org\\\/#website\"},\"datePublished\":\"2014-12-16T16:50:23+00:00\",\"dateModified\":\"2019-05-12T08:22:33+00:00\",\"breadcrumb\":{\"@id\":\"https:\\\/\\\/tatu.chanth.org\\\/?page_id=138#breadcrumb\"},\"inLanguage\":\"fi\",\"potentialAction\":[{\"@type\":\"ReadAction\",\"target\":[\"https:\\\/\\\/tatu.chanth.org\\\/?page_id=138\"]}]},{\"@type\":\"BreadcrumbList\",\"@id\":\"https:\\\/\\\/tatu.chanth.org\\\/?page_id=138#breadcrumb\",\"itemListElement\":[{\"@type\":\"ListItem\",\"position\":1,\"name\":\"Etusivu\",\"item\":\"https:\\\/\\\/tatu.chanth.org\\\/\"},{\"@type\":\"ListItem\",\"position\":2,\"name\":\"Yhteystiedot\"}]},{\"@type\":\"WebSite\",\"@id\":\"https:\\\/\\\/tatu.chanth.org\\\/#website\",\"url\":\"https:\\\/\\\/tatu.chanth.org\\\/\",\"name\":\"Tatu Chanth\",\"description\":\"\",\"potentialAction\":[{\"@type\":\"SearchAction\",\"target\":{\"@type\":\"EntryPoint\",\"urlTemplate\":\"https:\\\/\\\/tatu.chanth.org\\\/?s={search_term_string}\"},\"query-input\":{\"@type\":\"PropertyValueSpecification\",\"valueRequired\":true,\"valueName\":\"search_term_string\"}}],\"inLanguage\":\"fi\"}]}<\/script>\n<!-- \/ Yoast SEO plugin. -->","yoast_head_json":{"title":"Yhteystiedot - Tatu Chanth","robots":{"index":"index","follow":"follow","max-snippet":"max-snippet:-1","max-image-preview":"max-image-preview:large","max-video-preview":"max-video-preview:-1"},"canonical":"https:\/\/tatu.chanth.org\/?page_id=138","og_locale":"fi_FI","og_type":"article","og_title":"Yhteystiedot - Tatu Chanth","og_description":"Minut l\u00f6yt\u00e4\u00e4 n\u00e4iden sivujen lis\u00e4ksi: Twitterist\u00e4 nimell\u00e4:\u00a0@ChanthTatu instagrammista:\u00a0tatuchanth Facebook:\u00a0https:\/\/www.facebook.com\/chanthtatu S\u00e4hk\u00f6postiosoite: etunimi.sukunimi [a] gmail.com ty\u00f6asiat: tatu&#8230;","og_url":"https:\/\/tatu.chanth.org\/?page_id=138","og_site_name":"Tatu Chanth","article_modified_time":"2019-05-12T08:22:33+00:00","twitter_card":"summary_large_image","schema":{"@context":"https:\/\/schema.org","@graph":[{"@type":"WebPage","@id":"https:\/\/tatu.chanth.org\/?page_id=138","url":"https:\/\/tatu.chanth.org\/?page_id=138","name":"Yhteystiedot - Tatu Chanth","isPartOf":{"@id":"https:\/\/tatu.chanth.org\/#website"},"datePublished":"2014-12-16T16:50:23+00:00","dateModified":"2019-05-12T08:22:33+00:00","breadcrumb":{"@id":"https:\/\/tatu.chanth.org\/?page_id=138#breadcrumb"},"inLanguage":"fi","potentialAction":[{"@type":"ReadAction","target":["https:\/\/tatu.chanth.org\/?page_id=138"]}]},{"@type":"BreadcrumbList","@id":"https:\/\/tatu.chanth.org\/?page_id=138#breadcrumb","itemListElement":[{"@type":"ListItem","position":1,"name":"Etusivu","item":"https:\/\/tatu.chanth.org\/"},{"@type":"ListItem","position":2,"name":"Yhteystiedot"}]},{"@type":"WebSite","@id":"https:\/\/tatu.chanth.org\/#website","url":"https:\/\/tatu.chanth.org\/","name":"Tatu Chanth","description":"","potentialAction":[{"@type":"SearchAction","target":{"@type":"EntryPoint","urlTemplate":"https:\/\/tatu.chanth.org\/?s={search_term_string}"},"query-input":{"@type":"PropertyValueSpecification","valueRequired":true,"valueName":"search_term_string"}}],"inLanguage":"fi"}]}},"jetpack_sharing_enabled":true,"_links":{"self":[{"href":"https:\/\/tatu.chanth.org\/index.php?rest_route=\/wp\/v2\/pages\/138","targetHints":{"allow":["GET"]}}],"collection":[{"href":"https:\/\/tatu.chanth.org\/index.php?rest_route=\/wp\/v2\/pages"}],"about":[{"href":"https:\/\/tatu.chanth.org\/index.php?rest_route=\/wp\/v2\/types\/page"}],"author":[{"embeddable":true,"href":"https:\/\/tatu.chanth.org\/index.php?rest_route=\/wp\/v2\/users\/1"}],"replies":[{"embeddable":true,"href":"https:\/\/tatu.chanth.org\/index.php?rest_route=%2Fwp%2Fv2%2Fcomments&post=138"}],"version-history":[{"count":6,"href":"https:\/\/tatu.chanth.org\/index.php?rest_route=\/wp\/v2\/pages\/138\/revisions"}],"predecessor-version":[{"id":771,"href":"https:\/\/tatu.chanth.org\/index.php?rest_route=\/wp\/v2\/pages\/138\/revisions\/771"}],"wp:attachment":[{"href":"https:\/\/tatu.chanth.org\/index.php?rest_route=%2Fwp%2Fv2%2Fmedia&parent=138"}],"curies":[{"name":"wp","href":"https:\/\/api.w.org\/{rel}","templated":true}]}}